{"id":8,"date":"2025-06-11T09:27:15","date_gmt":"2025-06-11T06:27:15","guid":{"rendered":"https:\/\/dev.miikka-asukas.fi\/pulse\/?page_id=8"},"modified":"2025-08-14T08:57:03","modified_gmt":"2025-08-14T08:57:03","slug":"etusivu","status":"publish","type":"page","link":"https:\/\/lunden.co\/pulse\/","title":{"rendered":"Etusivu"},"content":{"rendered":"","protected":false},"excerpt":{"rendered":"","protected":false},"author":2,"featured_media":0,"parent":0,"menu_order":0,"comment_status":"closed","ping_status":"closed","template":"","meta":{"_acf_changed":false,"footnotes":""},"class_list":["post-8","page","type-page","status-publish","hentry"],"acf":[],"yoast_head":"<!-- This site is optimized with the Yoast SEO plugin v25.7 - https:\/\/yoast.com\/wordpress\/plugins\/seo\/ -->\n<title>Toimintamalli, joka lyhent\u00e4\u00e4 suunnittelun kestoa - Pulse<\/title>\n<meta name=\"description\" content=\"Pulse-toimintamallissa suunnittelu organisoidaan alusta alkaen moniammatillisesti, yhteisen aikataulun ja tavoitteiden pohjalta. N\u00e4in ty\u00f6vaiheita voidaan tehd\u00e4 limitt\u00e4in ja p\u00e4\u00e4llekk\u00e4in. Kommunikoinnin parantaminen, vastuiden kirkastaminen ja p\u00e4\u00e4t\u00f6ksenteon nopeuttaminen ovat avainasemassa prosessin tehostamisessa. Jokaisella tekij\u00e4ll\u00e4 on m\u00e4\u00e4ritetty rooli, vastuualue ja p\u00e4\u00e4t\u00f6ksentekovaltuudet jo ennen suunnittelun alkua.\" \/>\n<meta name=\"robots\" content=\"index, follow, max-snippet:-1, max-image-preview:large, max-video-preview:-1\" \/>\n<link rel=\"canonical\" href=\"https:\/\/lunden.co\/pulse\/\" \/>\n<meta property=\"og:locale\" content=\"en_US\" \/>\n<meta property=\"og:type\" content=\"article\" \/>\n<meta property=\"og:title\" content=\"Toimintamalli, joka lyhent\u00e4\u00e4 suunnittelun kestoa - Pulse\" \/>\n<meta property=\"og:description\" content=\"Pulse-toimintamallissa suunnittelu organisoidaan alusta alkaen moniammatillisesti, yhteisen aikataulun ja tavoitteiden pohjalta. N\u00e4in ty\u00f6vaiheita voidaan tehd\u00e4 limitt\u00e4in ja p\u00e4\u00e4llekk\u00e4in. Kommunikoinnin parantaminen, vastuiden kirkastaminen ja p\u00e4\u00e4t\u00f6ksenteon nopeuttaminen ovat avainasemassa prosessin tehostamisessa. Jokaisella tekij\u00e4ll\u00e4 on m\u00e4\u00e4ritetty rooli, vastuualue ja p\u00e4\u00e4t\u00f6ksentekovaltuudet jo ennen suunnittelun alkua.\" \/>\n<meta property=\"og:url\" content=\"https:\/\/lunden.co\/pulse\/\" \/>\n<meta property=\"og:site_name\" content=\"Pulse\" \/>\n<meta property=\"article:modified_time\" content=\"2025-08-14T08:57:03+00:00\" \/>\n<meta property=\"og:image\" content=\"https:\/\/lunden.co\/pulse\/wp-content\/uploads\/2025\/08\/some.png\" \/>\n\t<meta property=\"og:image:width\" content=\"1200\" \/>\n\t<meta property=\"og:image:height\" content=\"630\" \/>\n\t<meta property=\"og:image:type\" content=\"image\/png\" \/>\n<meta name=\"twitter:card\" content=\"summary_large_image\" \/>\n<script type=\"application\/ld+json\" class=\"yoast-schema-graph\">{\"@context\":\"https:\/\/schema.org\",\"@graph\":[{\"@type\":\"WebPage\",\"@id\":\"https:\/\/lunden.co\/pulse\/\",\"url\":\"https:\/\/lunden.co\/pulse\/\",\"name\":\"Toimintamalli, joka lyhent\u00e4\u00e4 suunnittelun kestoa - Pulse\",\"isPartOf\":{\"@id\":\"https:\/\/lunden.co\/pulse\/#website\"},\"datePublished\":\"2025-06-11T06:27:15+00:00\",\"dateModified\":\"2025-08-14T08:57:03+00:00\",\"description\":\"Pulse-toimintamallissa suunnittelu organisoidaan alusta alkaen moniammatillisesti, yhteisen aikataulun ja tavoitteiden pohjalta. N\u00e4in ty\u00f6vaiheita voidaan tehd\u00e4 limitt\u00e4in ja p\u00e4\u00e4llekk\u00e4in. Kommunikoinnin parantaminen, vastuiden kirkastaminen ja p\u00e4\u00e4t\u00f6ksenteon nopeuttaminen ovat avainasemassa prosessin tehostamisessa. Jokaisella tekij\u00e4ll\u00e4 on m\u00e4\u00e4ritetty rooli, vastuualue ja p\u00e4\u00e4t\u00f6ksentekovaltuudet jo ennen suunnittelun alkua.\",\"breadcrumb\":{\"@id\":\"https:\/\/lunden.co\/pulse\/#breadcrumb\"},\"inLanguage\":\"en\",\"potentialAction\":[{\"@type\":\"ReadAction\",\"target\":[\"https:\/\/lunden.co\/pulse\/\"]}]},{\"@type\":\"BreadcrumbList\",\"@id\":\"https:\/\/lunden.co\/pulse\/#breadcrumb\",\"itemListElement\":[{\"@type\":\"ListItem\",\"position\":1,\"name\":\"Home\",\"item\":\"https:\/\/lunden.co\/pulse\/\"},{\"@type\":\"ListItem\",\"position\":2,\"name\":\"Etusivu\"}]},{\"@type\":\"WebSite\",\"@id\":\"https:\/\/lunden.co\/pulse\/#website\",\"url\":\"https:\/\/lunden.co\/pulse\/\",\"name\":\"Pulse\",\"description\":\"Lunden Pulse Site\",\"publisher\":{\"@id\":\"https:\/\/lunden.co\/pulse\/#organization\"},\"potentialAction\":[{\"@type\":\"SearchAction\",\"target\":{\"@type\":\"EntryPoint\",\"urlTemplate\":\"https:\/\/lunden.co\/pulse\/?s={search_term_string}\"},\"query-input\":{\"@type\":\"PropertyValueSpecification\",\"valueRequired\":true,\"valueName\":\"search_term_string\"}}],\"inLanguage\":\"en\"},{\"@type\":\"Organization\",\"@id\":\"https:\/\/lunden.co\/pulse\/#organization\",\"name\":\"Pulse\",\"url\":\"https:\/\/lunden.co\/pulse\/\",\"logo\":{\"@type\":\"ImageObject\",\"inLanguage\":\"en\",\"@id\":\"https:\/\/lunden.co\/pulse\/#\/schema\/logo\/image\/\",\"url\":\"https:\/\/lunden.co\/pulse\/wp-content\/uploads\/2025\/08\/some.png\",\"contentUrl\":\"https:\/\/lunden.co\/pulse\/wp-content\/uploads\/2025\/08\/some.png\",\"width\":1200,\"height\":630,\"caption\":\"Pulse\"},\"image\":{\"@id\":\"https:\/\/lunden.co\/pulse\/#\/schema\/logo\/image\/\"}}]}<\/script>\n<!-- \/ Yoast SEO plugin. -->","yoast_head_json":{"title":"Toimintamalli, joka lyhent\u00e4\u00e4 suunnittelun kestoa - Pulse","description":"Pulse-toimintamallissa suunnittelu organisoidaan alusta alkaen moniammatillisesti, yhteisen aikataulun ja tavoitteiden pohjalta. N\u00e4in ty\u00f6vaiheita voidaan tehd\u00e4 limitt\u00e4in ja p\u00e4\u00e4llekk\u00e4in. Kommunikoinnin parantaminen, vastuiden kirkastaminen ja p\u00e4\u00e4t\u00f6ksenteon nopeuttaminen ovat avainasemassa prosessin tehostamisessa. Jokaisella tekij\u00e4ll\u00e4 on m\u00e4\u00e4ritetty rooli, vastuualue ja p\u00e4\u00e4t\u00f6ksentekovaltuudet jo ennen suunnittelun alkua.","robots":{"index":"index","follow":"follow","max-snippet":"max-snippet:-1","max-image-preview":"max-image-preview:large","max-video-preview":"max-video-preview:-1"},"canonical":"https:\/\/lunden.co\/pulse\/","og_locale":"en_US","og_type":"article","og_title":"Toimintamalli, joka lyhent\u00e4\u00e4 suunnittelun kestoa - Pulse","og_description":"Pulse-toimintamallissa suunnittelu organisoidaan alusta alkaen moniammatillisesti, yhteisen aikataulun ja tavoitteiden pohjalta. N\u00e4in ty\u00f6vaiheita voidaan tehd\u00e4 limitt\u00e4in ja p\u00e4\u00e4llekk\u00e4in. Kommunikoinnin parantaminen, vastuiden kirkastaminen ja p\u00e4\u00e4t\u00f6ksenteon nopeuttaminen ovat avainasemassa prosessin tehostamisessa. Jokaisella tekij\u00e4ll\u00e4 on m\u00e4\u00e4ritetty rooli, vastuualue ja p\u00e4\u00e4t\u00f6ksentekovaltuudet jo ennen suunnittelun alkua.","og_url":"https:\/\/lunden.co\/pulse\/","og_site_name":"Pulse","article_modified_time":"2025-08-14T08:57:03+00:00","og_image":[{"width":1200,"height":630,"url":"https:\/\/lunden.co\/pulse\/wp-content\/uploads\/2025\/08\/some.png","type":"image\/png"}],"twitter_card":"summary_large_image","schema":{"@context":"https:\/\/schema.org","@graph":[{"@type":"WebPage","@id":"https:\/\/lunden.co\/pulse\/","url":"https:\/\/lunden.co\/pulse\/","name":"Toimintamalli, joka lyhent\u00e4\u00e4 suunnittelun kestoa - Pulse","isPartOf":{"@id":"https:\/\/lunden.co\/pulse\/#website"},"datePublished":"2025-06-11T06:27:15+00:00","dateModified":"2025-08-14T08:57:03+00:00","description":"Pulse-toimintamallissa suunnittelu organisoidaan alusta alkaen moniammatillisesti, yhteisen aikataulun ja tavoitteiden pohjalta. N\u00e4in ty\u00f6vaiheita voidaan tehd\u00e4 limitt\u00e4in ja p\u00e4\u00e4llekk\u00e4in. Kommunikoinnin parantaminen, vastuiden kirkastaminen ja p\u00e4\u00e4t\u00f6ksenteon nopeuttaminen ovat avainasemassa prosessin tehostamisessa. Jokaisella tekij\u00e4ll\u00e4 on m\u00e4\u00e4ritetty rooli, vastuualue ja p\u00e4\u00e4t\u00f6ksentekovaltuudet jo ennen suunnittelun alkua.","breadcrumb":{"@id":"https:\/\/lunden.co\/pulse\/#breadcrumb"},"inLanguage":"en","potentialAction":[{"@type":"ReadAction","target":["https:\/\/lunden.co\/pulse\/"]}]},{"@type":"BreadcrumbList","@id":"https:\/\/lunden.co\/pulse\/#breadcrumb","itemListElement":[{"@type":"ListItem","position":1,"name":"Home","item":"https:\/\/lunden.co\/pulse\/"},{"@type":"ListItem","position":2,"name":"Etusivu"}]},{"@type":"WebSite","@id":"https:\/\/lunden.co\/pulse\/#website","url":"https:\/\/lunden.co\/pulse\/","name":"Pulse","description":"Lunden Pulse Site","publisher":{"@id":"https:\/\/lunden.co\/pulse\/#organization"},"potentialAction":[{"@type":"SearchAction","target":{"@type":"EntryPoint","urlTemplate":"https:\/\/lunden.co\/pulse\/?s={search_term_string}"},"query-input":{"@type":"PropertyValueSpecification","valueRequired":true,"valueName":"search_term_string"}}],"inLanguage":"en"},{"@type":"Organization","@id":"https:\/\/lunden.co\/pulse\/#organization","name":"Pulse","url":"https:\/\/lunden.co\/pulse\/","logo":{"@type":"ImageObject","inLanguage":"en","@id":"https:\/\/lunden.co\/pulse\/#\/schema\/logo\/image\/","url":"https:\/\/lunden.co\/pulse\/wp-content\/uploads\/2025\/08\/some.png","contentUrl":"https:\/\/lunden.co\/pulse\/wp-content\/uploads\/2025\/08\/some.png","width":1200,"height":630,"caption":"Pulse"},"image":{"@id":"https:\/\/lunden.co\/pulse\/#\/schema\/logo\/image\/"}}]}},"_links":{"self":[{"href":"https:\/\/lunden.co\/pulse\/wp-json\/wp\/v2\/pages\/8","targetHints":{"allow":["GET"]}}],"collection":[{"href":"https:\/\/lunden.co\/pulse\/wp-json\/wp\/v2\/pages"}],"about":[{"href":"https:\/\/lunden.co\/pulse\/wp-json\/wp\/v2\/types\/page"}],"author":[{"embeddable":true,"href":"https:\/\/lunden.co\/pulse\/wp-json\/wp\/v2\/users\/2"}],"replies":[{"embeddable":true,"href":"https:\/\/lunden.co\/pulse\/wp-json\/wp\/v2\/comments?post=8"}],"version-history":[{"count":1,"href":"https:\/\/lunden.co\/pulse\/wp-json\/wp\/v2\/pages\/8\/revisions"}],"predecessor-version":[{"id":211,"href":"https:\/\/lunden.co\/pulse\/wp-json\/wp\/v2\/pages\/8\/revisions\/211"}],"wp:attachment":[{"href":"https:\/\/lunden.co\/pulse\/wp-json\/wp\/v2\/media?parent=8"}],"curies":[{"name":"wp","href":"https:\/\/api.w.org\/{rel}","templated":true}]}}